{"id":643,"date":"2019-12-11T18:07:18","date_gmt":"2019-12-11T17:07:18","guid":{"rendered":"https:\/\/physiopraxis-eichinger.de\/wordpress\/?page_id=643"},"modified":"2019-12-14T18:45:08","modified_gmt":"2019-12-14T17:45:08","slug":"sympathikus-therapie","status":"publish","type":"page","link":"https:\/\/physiopraxis-eichinger.de\/wordpress\/alternative-physiotherapie\/sympathikus-therapie\/","title":{"rendered":"Sympathikus-Therapie"},"content":{"rendered":"<h5>Sympathikus-Therapie<\/h5>\n<p><img loading=\"lazy\" decoding=\"async\" class=\"size-full wp-image-652 alignright\" src=\"https:\/\/physiopraxis-eichinger.de\/wordpress\/wp-content\/uploads\/2019\/12\/symphatikus.jpg\" alt=\"\" width=\"158\" height=\"135\"><\/p>\n<p>Der Sympathikus bildet mit dem Parasympathikus und dem Darmnervensystem das vegetative Nervensystem, oder auch autonomes Nervensystem genannt. Die meisten Organe werden von den ersten beiden Systemen gesteuert, die als Gegenspieler einander erg\u00e4nzend wirken und dadurch eine \u00e4u\u00dferst feine <u>unwillk\u00fcrliche<\/u> Regulation der Organt\u00e4tigkeit erm\u00f6glichen.<\/p>\n<p>Da der Sympathikus als eine Nervenknotenkette beidseitig direkt an die Wirbels\u00e4ule angrenzt, kann er durch Verschiebung von Wirbelk\u00f6rpern leicht irritiert und dadurch in seiner Funktion gest\u00f6rt werden. Das f\u00fchrt dann zu einer Minder- oder Fehlversorgung in der von ihm versorgten K\u00f6rperregion.<\/p>\n<p>Viele Erkrankungen, deren Ursache nicht klar sind, finden hier ihren Ursprung, denn sie brechen dort aus, wo die Versorgung im K\u00f6rper nicht optimal l\u00e4uft.<\/p>\n<p><strong>Kennzeichnend f\u00fcr eine Sympathikus-Irritation sind Schmerzen, die sich:<\/strong><br \/>\n* in k\u00f6rperlicher Ruhe verschlechtern<br \/>\n* lokal begrenzt und chronisch sind.<\/p>\n<p><strong>M\u00f6gliche Leiden:<\/strong><\/p>\n<p><em>im Bereich des Kopfes:<\/em><\/p>\n<ul>\n<li>Migr\u00e4ne, Kopfschmerzen \u2022 Schwindel<\/li>\n<li>Ohrger\u00e4usche \u2022 Sehst\u00f6rungen \u2022 Lippenherpes \u2022 trockenes Auge<\/li>\n<\/ul>\n<p><em>im Bereich des Brustkorbes und Bauchraumes:<\/em><\/p>\n<ul>\n<li>Herzrhythmusst\u00f6rungen, die nur in Ruhe auftreten<\/li>\n<li>Reizmagen \u2022 Sodbrennen \u2022 Reizdarm \u2022 Reizhusten<\/li>\n<\/ul>\n<p><em>im Bereich der Arme und H\u00e4nde:<\/em><\/p>\n<ul>\n<li>Kribbelgef\u00fchl in den H\u00e4nden \u2022 Karpaltunnelsyndrom \u2022 Schmerzen im Daumengelenk<\/li>\n<li>Schulter-Arm-Syndrom \u2022 Tennis-und Golferellenbogen \u2022 Chronische Hautekzeme<\/li>\n<\/ul>\n<p><em>im Bereich der Beine und F\u00fc\u00dfe:<\/em><\/p>\n<ul>\n<li>Fersenschmerzen, Fersensporn \u2022 schmerzhaftes Sprunggelenk \u2022 Achillessehnenreizung<\/li>\n<li>Wadenkr\u00e4mpfe nachts \u2022 Kniegelenkschmerzen<\/li>\n<li>unruhige Beine (Restless-Legs-Syndrom)<\/li>\n<li>seitlicher H\u00fcftschmerz \u2022 Schmerzen an den Beckengelenken<\/li>\n<\/ul>\n<p style=\"text-align: center;\"><strong>Durch die R\u00fcckf\u00fchrung des Wirbels in die Normalposition <\/strong><strong>und Behandlung der dadurch gest\u00f6rten Akupunkturpunkte, <\/strong><strong>wird der irritierte Sympathikus-Nerv entlastet <\/strong><strong>und die dadurch ausgel\u00f6ste Erkrankung kann heilen, <\/strong><strong>da sich nun in dieser Region der Stoffwechsel&nbsp; wieder&nbsp; normalisiert.<\/strong><\/p>\n<p style=\"text-align: center;\"><strong>Die Selbstheilungmechanismen des K\u00f6rpers k\u00f6nnen dann wieder in Gang kommen.<\/strong><\/p>\n<p>&nbsp;<\/p>\n<p>Weitere Infos unter <a href=\"http:\/\/www.sympathikus-therapie.de\">www.sympathikus-therapie.de<\/a><\/p>\n","protected":false},"excerpt":{"rendered":"<p>Sympathikus-Therapie Der Sympathikus bildet mit dem Parasympathikus und dem Darmnervensystem das vegetative Nervensystem, oder auch autonomes Nervensystem genannt. Die meisten Organe werden von den ersten beiden Systemen gesteuert, die als Gegenspieler einander erg\u00e4nzend wirken und dadurch eine \u00e4u\u00dferst feine unwillk\u00fcrliche Regulation der Organt\u00e4tigkeit erm\u00f6glichen. Da der Sympathikus als eine Nervenknotenkette &hellip;<\/p>\n","protected":false},"author":1,"featured_media":0,"parent":44,"menu_order":0,"comment_status":"closed","ping_status":"closed","template":"","meta":{"ngg_post_thumbnail":0,"jetpack_post_was_ever_published":false,"footnotes":""},"class_list":["post-643","page","type-page","status-publish","hentry"],"jetpack_sharing_enabled":true,"jetpack_shortlink":"https:\/\/wp.me\/P9mn1c-an","_links":{"self":[{"href":"https:\/\/physiopraxis-eichinger.de\/wordpress\/wp-json\/wp\/v2\/pages\/643","targetHints":{"allow":["GET"]}}],"collection":[{"href":"https:\/\/physiopraxis-eichinger.de\/wordpress\/wp-json\/wp\/v2\/pages"}],"about":[{"href":"https:\/\/physiopraxis-eichinger.de\/wordpress\/wp-json\/wp\/v2\/types\/page"}],"author":[{"embeddable":true,"href":"https:\/\/physiopraxis-eichinger.de\/wordpress\/wp-json\/wp\/v2\/users\/1"}],"replies":[{"embeddable":true,"href":"https:\/\/physiopraxis-eichinger.de\/wordpress\/wp-json\/wp\/v2\/comments?post=643"}],"version-history":[{"count":9,"href":"https:\/\/physiopraxis-eichinger.de\/wordpress\/wp-json\/wp\/v2\/pages\/643\/revisions"}],"predecessor-version":[{"id":660,"href":"https:\/\/physiopraxis-eichinger.de\/wordpress\/wp-json\/wp\/v2\/pages\/643\/revisions\/660"}],"up":[{"embeddable":true,"href":"https:\/\/physiopraxis-eichinger.de\/wordpress\/wp-json\/wp\/v2\/pages\/44"}],"wp:attachment":[{"href":"https:\/\/physiopraxis-eichinger.de\/wordpress\/wp-json\/wp\/v2\/media?parent=643"}],"curies":[{"name":"wp","href":"https:\/\/api.w.org\/{rel}","templated":true}]}}