{"id":38,"date":"2017-11-08T16:01:07","date_gmt":"2017-11-08T15:01:07","guid":{"rendered":"http:\/\/physiopraxis-eichinger.de\/wordpress\/?page_id=38"},"modified":"2026-01-28T10:38:54","modified_gmt":"2026-01-28T09:38:54","slug":"kontakt","status":"publish","type":"page","link":"https:\/\/physiopraxis-eichinger.de\/wordpress\/kontakt\/","title":{"rendered":"Kontakt"},"content":{"rendered":"<h5>Kontakt<\/h5>\n<p>Praxis f\u00fcr ganzheitliche Physiotherapie, Pers\u00f6nlichkeitsentwicklung &amp; Energiemedizin<\/p>\n<p>Sandra Eichinger<br \/>\nIm G\u00e4sslein 8 a<br \/>\n90574 Ro\u00dftal-Raitersaich<br \/>\nTel.: 0176 76 94 94 18 (bitte nur Textnachrichten!)<br \/>\nE-Mail: info@physiopraxis-eichinger.de<\/p>\n<p>Auf Grund einer pers\u00f6nlichen Umstrukturierung, bin ich nur eingeschr\u00e4nkt t\u00e4tig.<br \/>\nDESWEGEN NEHME ICH AKTUELL KEINE NEUPATIENTEN AN!<br \/>\nERREICHBAR BIN ICH NUR NOCH \u00dcBER SMS AN 0176 76 94 94 18<\/p>\n<p>\u300a\u300b\u300a\u300b\u300a\u300b\u300a\u300b\u300a\u300b\u300a\u300b\u300a\u300b\u300a\u300b\u300a\u300b\u300a\u300b\u300a\u300b\u300a\u300b\u300a\u300b\u300a\u300b\u300a\u300b\u300a\u300b\u300a\u300b\u300a\u300b\u300a\u300b\u300a\u300b\u300a\u300b\u300a\u300b\u300a\u300b\u300a\u300b\u300a\u300b<\/p>\n<p><strong>WICHTIGE INFORMATION<\/strong><\/p>\n<p>Bitte kommen Sie rechtzeitig zu Ihrem Termin.<br \/>\nKommen Sie zu sp\u00e4t, wird Ihre Behandlungszeit entsprechend k\u00fcrzer.<br \/>\nDie Behandlung endet p\u00fcnktlich, damit der n\u00e4chste Patient nicht warten muss.<\/p>\n<p>Die Behandlungszeiten, die Sie ausgew\u00e4hlt haben, werden speziell f\u00fcr Sie reserviert.<\/p>\n<p>Bitte beachten Sie, dass Sie reservierte Termine bis 36 Stunden vor der Behandlung kostenlos absagen k\u00f6nnen.<br \/>\nBei einer sp\u00e4teren Absage m\u00fcssen wir Ihnen leider den vollen Preis berechnen, bzw. Ihren Gutschein verfallen lassen.<\/p>\n<p>\u300a\u300b\u300a\u300b\u300a\u300b\u300a\u300b\u300a\u300b\u300a\u300b\u300a\u300b\u300a\u300b\u300a\u300b\u300a\u300b\u300a\u300b\u300a\u300b\u300a\u300b\u300a\u300b\u300a\u300b\u300a\u300b\u300a\u300b\u300a\u300b\u300a\u300b\u300a\u300b\u300a\u300b\u300a\u300b\u300a\u300b\u300a\u300b\u300a\u300b<\/p>\n<p>Bei Fragen zu meinem Behandlungsangebot k\u00f6nnen Sie mich gerne per E-Mail kontaktieren.<\/p>\n","protected":false},"excerpt":{"rendered":"<p>Kontakt Praxis f\u00fcr ganzheitliche Physiotherapie, Pers\u00f6nlichkeitsentwicklung &amp; Energiemedizin Sandra Eichinger Im G\u00e4sslein 8 a 90574 Ro\u00dftal-Raitersaich Tel.: 0176 76 94 94 18 (bitte nur Textnachrichten!) E-Mail: info@physiopraxis-eichinger.de Auf Grund einer pers\u00f6nlichen Umstrukturierung, bin ich nur eingeschr\u00e4nkt t\u00e4tig. DESWEGEN NEHME ICH AKTUELL KEINE NEUPATIENTEN AN! ERREICHBAR BIN ICH NUR NOCH \u00dcBER &hellip;<\/p>\n","protected":false},"author":1,"featured_media":0,"parent":0,"menu_order":0,"comment_status":"closed","ping_status":"closed","template":"","meta":{"ngg_post_thumbnail":0,"jetpack_post_was_ever_published":false,"footnotes":""},"class_list":["post-38","page","type-page","status-publish","hentry"],"jetpack_sharing_enabled":false,"jetpack_shortlink":"https:\/\/wp.me\/P9mn1c-C","_links":{"self":[{"href":"https:\/\/physiopraxis-eichinger.de\/wordpress\/wp-json\/wp\/v2\/pages\/38","targetHints":{"allow":["GET"]}}],"collection":[{"href":"https:\/\/physiopraxis-eichinger.de\/wordpress\/wp-json\/wp\/v2\/pages"}],"about":[{"href":"https:\/\/physiopraxis-eichinger.de\/wordpress\/wp-json\/wp\/v2\/types\/page"}],"author":[{"embeddable":true,"href":"https:\/\/physiopraxis-eichinger.de\/wordpress\/wp-json\/wp\/v2\/users\/1"}],"replies":[{"embeddable":true,"href":"https:\/\/physiopraxis-eichinger.de\/wordpress\/wp-json\/wp\/v2\/comments?post=38"}],"version-history":[{"count":15,"href":"https:\/\/physiopraxis-eichinger.de\/wordpress\/wp-json\/wp\/v2\/pages\/38\/revisions"}],"predecessor-version":[{"id":900,"href":"https:\/\/physiopraxis-eichinger.de\/wordpress\/wp-json\/wp\/v2\/pages\/38\/revisions\/900"}],"wp:attachment":[{"href":"https:\/\/physiopraxis-eichinger.de\/wordpress\/wp-json\/wp\/v2\/media?parent=38"}],"curies":[{"name":"wp","href":"https:\/\/api.w.org\/{rel}","templated":true}]}}