{"id":36,"date":"2017-11-08T16:00:46","date_gmt":"2017-11-08T15:00:46","guid":{"rendered":"http:\/\/physiopraxis-eichinger.de\/wordpress\/?page_id=36"},"modified":"2017-11-10T12:07:05","modified_gmt":"2017-11-10T11:07:05","slug":"kurzportrait","status":"publish","type":"page","link":"https:\/\/physiopraxis-eichinger.de\/wordpress\/kurzportrait\/","title":{"rendered":"Kurzportrait"},"content":{"rendered":"<h5>Kurzportrait Sandra Eichinger<\/h5>\n<p><img loading=\"lazy\" decoding=\"async\" class=\"size-full wp-image-21 alignleft\" src=\"https:\/\/physiopraxis-eichinger.de\/wordpress\/wp-content\/uploads\/2017\/11\/portrait.jpg\" alt=\"\" width=\"201\" height=\"250\" srcset=\"https:\/\/physiopraxis-eichinger.de\/wordpress\/wp-content\/uploads\/2017\/11\/portrait.jpg 201w, https:\/\/physiopraxis-eichinger.de\/wordpress\/wp-content\/uploads\/2017\/11\/portrait-161x200.jpg 161w\" sizes=\"auto, (max-width: 201px) 100vw, 201px\" \/>Im Februar 1970 wurde ich in F\u00fcrth \/ Bayern geboren.<br \/>\n1993 absolvierte ich mein Staatsexamen f\u00fcr Physiotherapie und Gymnastik an der Medau-Schule in Coburg mit sehr gro\u00dfem Erfolg. Danach arbeitete ich im Krankenhaus Ansbach und in mehreren Praxen (u.a Reha Valznerweiher).<\/p>\n<p>Zuerst erlernte ich die exakte <strong>manuelle Behandlung des Bewegungsapparates<\/strong>. Bald bemerkte ich jedoch, dass der energetische Ausgleich durch <strong>Akupressur und <\/strong><strong>Akupunktmassage<\/strong> f\u00fcr anhaltende Behandlungserfolge zus\u00e4tzlich erforderlich ist.<\/p>\n<p>&nbsp;<\/p>\n<p><img loading=\"lazy\" decoding=\"async\" class=\"size-medium wp-image-22 alignright\" src=\"https:\/\/physiopraxis-eichinger.de\/wordpress\/wp-content\/uploads\/2017\/11\/praxis-300x225.jpg\" alt=\"\" width=\"300\" height=\"225\" srcset=\"https:\/\/physiopraxis-eichinger.de\/wordpress\/wp-content\/uploads\/2017\/11\/praxis-300x225.jpg 300w, https:\/\/physiopraxis-eichinger.de\/wordpress\/wp-content\/uploads\/2017\/11\/praxis-768x576.jpg 768w, https:\/\/physiopraxis-eichinger.de\/wordpress\/wp-content\/uploads\/2017\/11\/praxis.jpg 1024w, https:\/\/physiopraxis-eichinger.de\/wordpress\/wp-content\/uploads\/2017\/11\/praxis-267x200.jpg 267w\" sizes=\"auto, (max-width: 300px) 100vw, 300px\" \/><\/p>\n<p>Nach 7 Jahren Berufspraxis er\u00f6ffnete ich im Juli 2000 meine eigene Praxis um meine pers\u00f6nlichen Behandlungsvorstellungen realisieren zu k\u00f6nnen.<\/p>\n<p>Seit 2002 behandle ich neben der k\u00f6rperlich- energetischen Komponente auch die <strong>psychisch- geistige<\/strong> Ebene.<br \/>\nIch erg\u00e4nzte mein Repertoire mit <strong>Energiemedizin<\/strong> durch <strong>Reiki<\/strong> und diversen Methoden des <strong>geistig-medialen Heilens<\/strong>, f\u00fcr eine Therapie, die den Menschen als Ganzes wahr nimmt.<br \/>\nSeit 2010 arbeite ich in der <strong>Pers\u00f6nlichkeitsentwicklung<\/strong> erfolgreich mit <strong>Tiefenkommunikation \/ Hypnose<\/strong>,<br \/>\n2014 erweiterte ich dazu mein Angebot mit <strong>Coaching<\/strong>.<\/p>\n<h6 style=\"text-align: center;\"><strong>Intensive Selbsterfahrungen bringen mich heute<br \/>\nzu einer ganzheitlichen Denk- und Behandlungsweise.<\/strong><\/h6>\n","protected":false},"excerpt":{"rendered":"<p>Kurzportrait Sandra Eichinger Im Februar 1970 wurde ich in F\u00fcrth \/ Bayern geboren. 1993 absolvierte ich mein Staatsexamen f\u00fcr Physiotherapie und Gymnastik an der Medau-Schule in Coburg mit sehr gro\u00dfem Erfolg. Danach arbeitete ich im Krankenhaus Ansbach und in mehreren Praxen (u.a Reha Valznerweiher). Zuerst erlernte ich die exakte manuelle &hellip;<\/p>\n","protected":false},"author":1,"featured_media":0,"parent":0,"menu_order":0,"comment_status":"closed","ping_status":"closed","template":"","meta":{"ngg_post_thumbnail":0,"jetpack_post_was_ever_published":false,"footnotes":""},"class_list":["post-36","page","type-page","status-publish","hentry"],"jetpack_sharing_enabled":true,"jetpack_shortlink":"https:\/\/wp.me\/P9mn1c-A","_links":{"self":[{"href":"https:\/\/physiopraxis-eichinger.de\/wordpress\/wp-json\/wp\/v2\/pages\/36","targetHints":{"allow":["GET"]}}],"collection":[{"href":"https:\/\/physiopraxis-eichinger.de\/wordpress\/wp-json\/wp\/v2\/pages"}],"about":[{"href":"https:\/\/physiopraxis-eichinger.de\/wordpress\/wp-json\/wp\/v2\/types\/page"}],"author":[{"embeddable":true,"href":"https:\/\/physiopraxis-eichinger.de\/wordpress\/wp-json\/wp\/v2\/users\/1"}],"replies":[{"embeddable":true,"href":"https:\/\/physiopraxis-eichinger.de\/wordpress\/wp-json\/wp\/v2\/comments?post=36"}],"version-history":[{"count":13,"href":"https:\/\/physiopraxis-eichinger.de\/wordpress\/wp-json\/wp\/v2\/pages\/36\/revisions"}],"predecessor-version":[{"id":169,"href":"https:\/\/physiopraxis-eichinger.de\/wordpress\/wp-json\/wp\/v2\/pages\/36\/revisions\/169"}],"wp:attachment":[{"href":"https:\/\/physiopraxis-eichinger.de\/wordpress\/wp-json\/wp\/v2\/media?parent=36"}],"curies":[{"name":"wp","href":"https:\/\/api.w.org\/{rel}","templated":true}]}}