{"id":34,"date":"2017-11-07T19:05:14","date_gmt":"2017-11-07T18:05:14","guid":{"rendered":"http:\/\/physiopraxis-eichinger.de\/wordpress\/?page_id=34"},"modified":"2017-11-11T15:08:52","modified_gmt":"2017-11-11T14:08:52","slug":"krankengymnastik-und-massage","status":"publish","type":"page","link":"https:\/\/physiopraxis-eichinger.de\/wordpress\/krankengymnastik-und-massage\/","title":{"rendered":"Krankengymnastik und Massage"},"content":{"rendered":"<h5>Krankengymnastik und Massage<\/h5>\n<h6><strong>Krankengymnastik<\/strong><\/h6>\n<p>Behandlung von:<\/p>\n<ul>\n<li>Wirbels\u00e4ulen- und Bandscheibenbeschwerden (nach Mc Kenzie)<\/li>\n<li>Funktionellen Erkrankungen durch Haltungsschw\u00e4che (nach Br\u00fcgger und Klein-Vogelbach)<\/li>\n<li>Chirurgisch-Orthop\u00e4dische Erkrankungen, sowie deren operative Nachbehandlung<\/li>\n<li>Atemwegserkrankungen<\/li>\n<li>Kiefergelenksprobleme<\/li>\n<li>Migr\u00e4ne<\/li>\n<li>Inkontinenzleiden<\/li>\n<li>Sportphysiotherapie<\/li>\n<li>Manuelle Therapie (nach Mulligan)<\/li>\n<li>Mobilisation des Nervensystems<\/li>\n<li>R\u00fcckbildungsgymnastik<\/li>\n<\/ul>\n<h6><strong>Massagen<\/strong><\/h6>\n<ul>\n<li>Klassische Massage<\/li>\n<li>Bindegewebsmassage<\/li>\n<li>Kolonmassage<\/li>\n<li>Akupunktmassage<\/li>\n<li>Entspannungsmassage<\/li>\n<\/ul>\n<h6><strong>Thermotherapie<\/strong><\/h6>\n<p><em>W\u00e4rmeanwendungen<\/em><\/p>\n<ul>\n<li>Rotlicht<\/li>\n<li>W\u00e4rmepackungen<\/li>\n<li>Heisse Rolle<\/li>\n<\/ul>\n<p><em>K\u00e4lteanwendungen<\/em><\/p>\n<ul>\n<li>Eispackungen<\/li>\n<li>Eisabreibungen<\/li>\n<\/ul>\n","protected":false},"excerpt":{"rendered":"<p>Krankengymnastik und Massage Krankengymnastik Behandlung von: Wirbels\u00e4ulen- und Bandscheibenbeschwerden (nach Mc Kenzie) Funktionellen Erkrankungen durch Haltungsschw\u00e4che (nach Br\u00fcgger und Klein-Vogelbach) Chirurgisch-Orthop\u00e4dische Erkrankungen, sowie deren operative Nachbehandlung Atemwegserkrankungen Kiefergelenksprobleme Migr\u00e4ne Inkontinenzleiden Sportphysiotherapie Manuelle Therapie (nach Mulligan) Mobilisation des Nervensystems R\u00fcckbildungsgymnastik Massagen Klassische Massage Bindegewebsmassage Kolonmassage Akupunktmassage Entspannungsmassage Thermotherapie W\u00e4rmeanwendungen Rotlicht W\u00e4rmepackungen &hellip;<\/p>\n","protected":false},"author":1,"featured_media":0,"parent":0,"menu_order":0,"comment_status":"closed","ping_status":"closed","template":"","meta":{"ngg_post_thumbnail":0,"jetpack_post_was_ever_published":false,"footnotes":""},"class_list":["post-34","page","type-page","status-publish","hentry"],"jetpack_sharing_enabled":true,"jetpack_shortlink":"https:\/\/wp.me\/P9mn1c-y","_links":{"self":[{"href":"https:\/\/physiopraxis-eichinger.de\/wordpress\/wp-json\/wp\/v2\/pages\/34","targetHints":{"allow":["GET"]}}],"collection":[{"href":"https:\/\/physiopraxis-eichinger.de\/wordpress\/wp-json\/wp\/v2\/pages"}],"about":[{"href":"https:\/\/physiopraxis-eichinger.de\/wordpress\/wp-json\/wp\/v2\/types\/page"}],"author":[{"embeddable":true,"href":"https:\/\/physiopraxis-eichinger.de\/wordpress\/wp-json\/wp\/v2\/users\/1"}],"replies":[{"embeddable":true,"href":"https:\/\/physiopraxis-eichinger.de\/wordpress\/wp-json\/wp\/v2\/comments?post=34"}],"version-history":[{"count":7,"href":"https:\/\/physiopraxis-eichinger.de\/wordpress\/wp-json\/wp\/v2\/pages\/34\/revisions"}],"predecessor-version":[{"id":219,"href":"https:\/\/physiopraxis-eichinger.de\/wordpress\/wp-json\/wp\/v2\/pages\/34\/revisions\/219"}],"wp:attachment":[{"href":"https:\/\/physiopraxis-eichinger.de\/wordpress\/wp-json\/wp\/v2\/media?parent=34"}],"curies":[{"name":"wp","href":"https:\/\/api.w.org\/{rel}","templated":true}]}}