{"id":191,"date":"2017-11-10T12:41:59","date_gmt":"2017-11-10T11:41:59","guid":{"rendered":"http:\/\/physiopraxis-eichinger.de\/wordpress\/?page_id=191"},"modified":"2017-11-14T16:51:08","modified_gmt":"2017-11-14T15:51:08","slug":"aroma-energie-massage","status":"publish","type":"page","link":"https:\/\/physiopraxis-eichinger.de\/wordpress\/alternative-physiotherapie\/aroma-energie-massage\/","title":{"rendered":"Aroma-Energie-Massage"},"content":{"rendered":"<h5>Aroma-Energie-Massage<\/h5>\n<h6><strong>Entspannungsbehandlung<\/strong><\/h6>\n<p>Hierbei handelt es sich um eine manuelle medizinische Ganzk\u00f6rpermassage (Beine, Rumpf, Arme) mit anschlie\u00dfender energetischer Ausstreichung der Ying-Meridiane zur Entspannung und Nachruhe.<\/p>\n<h6><strong>Aroma-Energie-Massage&nbsp;(AromErgy)<\/strong><\/h6>\n<p><strong>Eine Kombination aus:<\/strong><\/p>\n<ul>\n<li>Manueller Ganzk\u00f6rpermassage <img loading=\"lazy\" decoding=\"async\" class=\"size-full wp-image-344 alignright\" src=\"https:\/\/physiopraxis-eichinger.de\/wordpress\/wp-content\/uploads\/2017\/11\/sonne.gif\" alt=\"\" width=\"170\" height=\"171\"><\/li>\n<li>Mit \u00c4therischen \u00d6len von Aurelia (100% naturrein aus kontrolliert biologischem Anbau<\/li>\n<li>Und Energiearbeit (Chakren- und Meridianstimulation)<\/li>\n<\/ul>\n<h6><strong>\u00c4therische \u00d6le:<\/strong><\/h6>\n<ul>\n<li>Sind kleine \u00d6ltr\u00f6pfchen aus Pflanzengewebe<\/li>\n<li>Enthalten in hochkonzentrierter Form die Heilstoffe von Pflanzen<\/li>\n<li>Wirken ganzheitlich auf K\u00f6rper und Geist<\/li>\n<\/ul>\n<p><em>Auf den K\u00f6rper:<\/em><\/p>\n<p>\u00d6le sind fettl\u00f6slich und k\u00f6nnen gut von der Haut aufgenommen werden. Sie durchdringen die Zellmembran, gelangen \u00fcber das Blut in Gewebe und Organe.<\/p>\n<p><em>Auf Geist und Seele:<\/em><\/p>\n<p>\u00dcber den Geruchssinn wirkt der Duftreiz auf das Limbische System. Somit wird die Hormonsteuerung im Gehirn und damit der Gef\u00fchlszustand beeinflusst. Seelische Blockaden l\u00f6sen sich auf. Wodurch sich eine positive Geisteshaltung einstellt.<\/p>\n<h6><strong>Energiearbeit<\/strong><\/h6>\n<p>K\u00f6rper, Seele und Geist werden von der universellen Lebensenergie Chi gespeisst.<\/p>\n<h6><strong>Das Chi:<\/strong><\/h6>\n<ul>\n<li>Wird in den 7 feinstofflichen Energiezentren (=Chakren) entlang der Wirbels\u00e4ule aufgenommen<\/li>\n<li>Wird in den Energiebahnen (=Meridiane) durch den K\u00f6rper geleitet<\/li>\n<li>Versorgt auf der k\u00f6rperlichen Ebene alle Gewebearten, wie z.B. Muskeln, Nerven, Organe<\/li>\n<li>Beeinflusst auf der geistigen Ebene die Gedanken<\/li>\n<li>Beeinflusst auf der seelischen Ebene die Gef\u00fchle<\/li>\n<\/ul>\n<p>Die spezielle Energiearbeit der Aroma-Energie-Massage hilft den Lebensfluss im gesamten Organismus zu optimieren.<\/p>\n<p>Somit kann man Erkrankungen auf allen Ebenen, welche auf Energieflussst\u00f6rungen beruhen, vorbeugen oder bereits bestehende positiv beeinflussen,<\/p>\n<p><center><strong>In der ganzheitlichen Therapie wird ber\u00fccksichtigt, dass <\/strong><strong>eine Erkrankung<br \/>\ndie Behandlung auf allen 3 Ebenen <\/strong><strong>&#8211; K\u00f6rper, Seele und Geist &#8211;&nbsp; <\/strong><strong>fordert!<\/strong><\/center><\/p>\n","protected":false},"excerpt":{"rendered":"<p>Aroma-Energie-Massage Entspannungsbehandlung Hierbei handelt es sich um eine manuelle medizinische Ganzk\u00f6rpermassage (Beine, Rumpf, Arme) mit anschlie\u00dfender energetischer Ausstreichung der Ying-Meridiane zur Entspannung und Nachruhe. Aroma-Energie-Massage&nbsp;(AromErgy) Eine Kombination aus: Manueller Ganzk\u00f6rpermassage Mit \u00c4therischen \u00d6len von Aurelia (100% naturrein aus kontrolliert biologischem Anbau Und Energiearbeit (Chakren- und Meridianstimulation) \u00c4therische \u00d6le: Sind kleine &hellip;<\/p>\n","protected":false},"author":1,"featured_media":0,"parent":44,"menu_order":0,"comment_status":"closed","ping_status":"closed","template":"","meta":{"ngg_post_thumbnail":0,"jetpack_post_was_ever_published":false,"footnotes":""},"class_list":["post-191","page","type-page","status-publish","hentry"],"jetpack_sharing_enabled":true,"jetpack_shortlink":"https:\/\/wp.me\/P9mn1c-35","_links":{"self":[{"href":"https:\/\/physiopraxis-eichinger.de\/wordpress\/wp-json\/wp\/v2\/pages\/191","targetHints":{"allow":["GET"]}}],"collection":[{"href":"https:\/\/physiopraxis-eichinger.de\/wordpress\/wp-json\/wp\/v2\/pages"}],"about":[{"href":"https:\/\/physiopraxis-eichinger.de\/wordpress\/wp-json\/wp\/v2\/types\/page"}],"author":[{"embeddable":true,"href":"https:\/\/physiopraxis-eichinger.de\/wordpress\/wp-json\/wp\/v2\/users\/1"}],"replies":[{"embeddable":true,"href":"https:\/\/physiopraxis-eichinger.de\/wordpress\/wp-json\/wp\/v2\/comments?post=191"}],"version-history":[{"count":5,"href":"https:\/\/physiopraxis-eichinger.de\/wordpress\/wp-json\/wp\/v2\/pages\/191\/revisions"}],"predecessor-version":[{"id":348,"href":"https:\/\/physiopraxis-eichinger.de\/wordpress\/wp-json\/wp\/v2\/pages\/191\/revisions\/348"}],"up":[{"embeddable":true,"href":"https:\/\/physiopraxis-eichinger.de\/wordpress\/wp-json\/wp\/v2\/pages\/44"}],"wp:attachment":[{"href":"https:\/\/physiopraxis-eichinger.de\/wordpress\/wp-json\/wp\/v2\/media?parent=191"}],"curies":[{"name":"wp","href":"https:\/\/api.w.org\/{rel}","templated":true}]}}