{"id":187,"date":"2017-11-10T12:40:31","date_gmt":"2017-11-10T11:40:31","guid":{"rendered":"http:\/\/physiopraxis-eichinger.de\/wordpress\/?page_id=187"},"modified":"2019-12-11T18:11:28","modified_gmt":"2019-12-11T17:11:28","slug":"schroepfen","status":"publish","type":"page","link":"https:\/\/physiopraxis-eichinger.de\/wordpress\/alternative-physiotherapie\/schroepfen\/","title":{"rendered":"Schr\u00f6pfen"},"content":{"rendered":"<h5>Schr\u00f6pfen<\/h5>\n<p><img loading=\"lazy\" decoding=\"async\" class=\"size-medium wp-image-189 alignright\" src=\"https:\/\/physiopraxis-eichinger.de\/wordpress\/wp-content\/uploads\/2017\/11\/schroepfen-225x300.jpg\" alt=\"\" width=\"225\" height=\"300\" srcset=\"https:\/\/physiopraxis-eichinger.de\/wordpress\/wp-content\/uploads\/2017\/11\/schroepfen-225x300.jpg 225w, https:\/\/physiopraxis-eichinger.de\/wordpress\/wp-content\/uploads\/2017\/11\/schroepfen.jpg 768w, https:\/\/physiopraxis-eichinger.de\/wordpress\/wp-content\/uploads\/2017\/11\/schroepfen-150x200.jpg 150w\" sizes=\"auto, (max-width: 225px) 100vw, 225px\" \/>Beim Schr\u00f6pfen werden spezielle Schr\u00f6pfgef\u00e4\u00dfe an bestimmte K\u00f6rperstellen gesetzt. In den Vakuum-Glasgef\u00e4\u00dfen wird ein Unterdruck erzeugt, dieser hat verschiedene Auswirkungen:<\/p>\n<ul>\n<li>Lokale Hyper\u00e4misierung ( Durchblutungssteigerung)<\/li>\n<li>Stoffwechselsteigerung ( vermehrtes Ausscheiden von abgelagerten Abfallstoffen)<\/li>\n<li>Mechanische Lockerung von verklebten Gewebe (z.B. bei Narben)<\/li>\n<li>Detonisation ( erh\u00f6hte Spannung im Gewebe wird normalisiert)<\/li>\n<li>Schmerzlinderung<\/li>\n<li>Anregung von inneren Organen \u00fcber Hautreflexe (Reflexzonentherapie, z.B. im Nieren- und Leberbereich werden die Organe direkt in ihrer Arbeit unterst\u00fctzt<\/li>\n<\/ul>\n<p><strong>Anwendungsm\u00f6glichkeiten:<\/strong><\/p>\n<ul>\n<li>lokales Schr\u00f6pfen z.B. an Narben oder Organen<\/li>\n<li>Schr\u00f6pfmassage zur Lockerung der Muskulatur<\/li>\n<\/ul>\n<\/li>\n<\/ul>\n<h6><strong>Seltenere Anwendungsform:<\/strong><\/h6>\n<ul>\n<li>blutiges Schr\u00f6pfen ( hierbei wird die Haut erst angeritzt) zur Ausleitung von Schadstoffen und Immunsystemst\u00e4rkung<\/li>\n<\/ul>\n","protected":false},"excerpt":{"rendered":"<p>Schr\u00f6pfen Beim Schr\u00f6pfen werden spezielle Schr\u00f6pfgef\u00e4\u00dfe an bestimmte K\u00f6rperstellen gesetzt. In den Vakuum-Glasgef\u00e4\u00dfen wird ein Unterdruck erzeugt, dieser hat verschiedene Auswirkungen: Lokale Hyper\u00e4misierung ( Durchblutungssteigerung) Stoffwechselsteigerung ( vermehrtes Ausscheiden von abgelagerten Abfallstoffen) Mechanische Lockerung von verklebten Gewebe (z.B. bei Narben) Detonisation ( erh\u00f6hte Spannung im Gewebe wird normalisiert) Schmerzlinderung Anregung &hellip;<\/p>\n","protected":false},"author":1,"featured_media":0,"parent":44,"menu_order":0,"comment_status":"closed","ping_status":"closed","template":"","meta":{"ngg_post_thumbnail":0,"jetpack_post_was_ever_published":false,"footnotes":""},"class_list":["post-187","page","type-page","status-publish","hentry"],"jetpack_sharing_enabled":true,"jetpack_shortlink":"https:\/\/wp.me\/P9mn1c-31","_links":{"self":[{"href":"https:\/\/physiopraxis-eichinger.de\/wordpress\/wp-json\/wp\/v2\/pages\/187","targetHints":{"allow":["GET"]}}],"collection":[{"href":"https:\/\/physiopraxis-eichinger.de\/wordpress\/wp-json\/wp\/v2\/pages"}],"about":[{"href":"https:\/\/physiopraxis-eichinger.de\/wordpress\/wp-json\/wp\/v2\/types\/page"}],"author":[{"embeddable":true,"href":"https:\/\/physiopraxis-eichinger.de\/wordpress\/wp-json\/wp\/v2\/users\/1"}],"replies":[{"embeddable":true,"href":"https:\/\/physiopraxis-eichinger.de\/wordpress\/wp-json\/wp\/v2\/comments?post=187"}],"version-history":[{"count":4,"href":"https:\/\/physiopraxis-eichinger.de\/wordpress\/wp-json\/wp\/v2\/pages\/187\/revisions"}],"predecessor-version":[{"id":355,"href":"https:\/\/physiopraxis-eichinger.de\/wordpress\/wp-json\/wp\/v2\/pages\/187\/revisions\/355"}],"up":[{"embeddable":true,"href":"https:\/\/physiopraxis-eichinger.de\/wordpress\/wp-json\/wp\/v2\/pages\/44"}],"wp:attachment":[{"href":"https:\/\/physiopraxis-eichinger.de\/wordpress\/wp-json\/wp\/v2\/media?parent=187"}],"curies":[{"name":"wp","href":"https:\/\/api.w.org\/{rel}","templated":true}]}}