{"id":179,"date":"2017-11-10T12:34:49","date_gmt":"2017-11-10T11:34:49","guid":{"rendered":"http:\/\/physiopraxis-eichinger.de\/wordpress\/?page_id=179"},"modified":"2017-11-14T16:43:28","modified_gmt":"2017-11-14T15:43:28","slug":"ohrkerzenbehandlung","status":"publish","type":"page","link":"https:\/\/physiopraxis-eichinger.de\/wordpress\/alternative-physiotherapie\/ohrkerzenbehandlung\/","title":{"rendered":"Ohrkerzenbehandlung"},"content":{"rendered":"<h5>Ohrkerzen &#8211; von alten Kulturen gelernt!<\/h5>\n<h6><strong>Allgemeines:<\/strong><\/h6>\n<p>Ohrkerzen sind ein altes Naturheilmittel der Ureinwohner Nord- und Mittelamerikas, sowie der Naturv\u00f6lker im indonesischen und asiatischen Raum. In H\u00f6hlen verschiedener V\u00f6lker hat man Zeichnungen davon gefunden.<\/p>\n<p>In der Naturheilkunde hat die Ohrkerze einen hohen Stellenwert.<br \/>\nSie wird als Basis- und Begleittherapie verschiedener St\u00f6rungen im Stirn-, Hals-, Nasen-, Nebenh\u00f6hlen- und Ohrenbereich eingesetzt. Die Ohrkerzen sind ein reines Naturprodukt aus Naturgewebe und Bienenwachs.<\/p>\n<h6><strong>Anwendung der Ohrkerze:<\/strong><\/h6>\n<p><img loading=\"lazy\" decoding=\"async\" class=\"size-medium wp-image-181 alignleft\" src=\"https:\/\/physiopraxis-eichinger.de\/wordpress\/wp-content\/uploads\/2017\/11\/ohrkerzen-280x300.jpg\" alt=\"\" width=\"280\" height=\"300\" srcset=\"https:\/\/physiopraxis-eichinger.de\/wordpress\/wp-content\/uploads\/2017\/11\/ohrkerzen-280x300.jpg 280w, https:\/\/physiopraxis-eichinger.de\/wordpress\/wp-content\/uploads\/2017\/11\/ohrkerzen-187x200.jpg 187w, https:\/\/physiopraxis-eichinger.de\/wordpress\/wp-content\/uploads\/2017\/11\/ohrkerzen.jpg 423w\" sizes=\"auto, (max-width: 280px) 100vw, 280px\" \/>Die Ohrkerze wird mit dem d\u00fcnneren Ende in den \u00e4u\u00dferen Geh\u00f6rgang eingef\u00fchrt und am dickeren oberen Ende angez\u00fcndet wobei sich der Patient in Seitlage in eine warme Decke gewickelt befindet.<\/p>\n<p>Durch das Anz\u00fcnden und die Verbrennung von Sauerstoff entsteht im inneren der Kerze ein Unterdruck der sich auf den Geh\u00f6rgang ausweitet.<\/p>\n<p>Die dabei entstehende W\u00e4rme, Vibration und Druckreizwirkung wird \u00fcber das Trommelfell (Trommelfellmassage) auf das gesamte Mittelohr \u00fcbertragen und von dort, \u00fcber die Geh\u00f6rkn\u00f6chelchen (Hammer &#8211; Amboss &#8211; Steigb\u00fcgel), in die Bereiche der Bogeng\u00e4nge, der Schnecke, bis hin zum cortischen Organ fortgeleitet. Somit werden auch das Gleichgewichtsorgan und die H\u00f6rfasern mit beeinflusst.<\/p>\n<p>Die Einwirkungsm\u00f6glichkeiten auf den Rachenraum werden \u00fcber die eustachische R\u00f6hre, vom Mittelohr aus, hergestellt. Dadurch wird eine Wirkung auf die Rachenmandeln und die Rachenlymphe erzielt.<\/p>\n<p>Kurzum, es werden alle mit dem Ohr verbundenen Organe mit erfasst.<\/p>\n<p>Der Reinigungsvorgang dauert pro Ohr ca 15 min.<\/p>\n<p>Danach erh\u00e4lt der Patient eine wohltuende Ohrmassage mit einer energetischen Creme bei der speziell die Akupunkturpunkte am Ohr und sp\u00e4ter im Gesicht stimuliert werden.<\/p>\n<h6><strong>Die Wirkung der Ohrkerzenanwendung:<\/strong><\/h6>\n<p>Durch den Unterdruck im Ohr und die W\u00e4rme vom Geh\u00f6rgang, kommt es zur Stimulierung des Sekretflusses, Freisetzung und Reinigung verstopfter Poren und zu einer Verbesserung der Innenohratmung.<\/p>\n<p>Die gel\u00f6sten und freigesetzten Ablagerungen ( Schlacke) des Geh\u00f6rgangs, sowie der Stirn- und Nebenh\u00f6hlen, werden durch den entstehenden Unterdruck teils in den \u00e4u\u00dferen Geh\u00f6rgang und teils in den unteren Teil der Ohrkerze bef\u00f6rdert.<\/p>\n<p>\u00dcber den Parasympathikus hat die Ohrkerzentherapie auch eine entspannende Wirkung. So kommt es zu einer guten Entspannung von K\u00f6rper und Geist, weil hier ein Zustand, \u00e4hnlich dem Schlaf, erreicht wird. Dadurch gewinnt der Anwender ein Gef\u00fchl von Ruhe, Wohlbefinden und Zufriedenheit.<\/p>\n<table border=\"0\" cellspacing=\"10\" cellpadding=\"10\">\n<colgroup>\n<col width=\"350\">\n<col width=\"350\"><\/colgroup>\n<thead>\n<tr>\n<th align=\"left\"><strong>Indikationen<\/strong><\/th>\n<th align=\"left\"><strong>Kontraindikationen<\/strong><\/th>\n<\/tr>\n<\/thead>\n<tbody>\n<tr>\n<td valign=\"top\" align=\"left\">Ohrjucken<br \/>\nOhrger\u00e4usche<br \/>\nOhrsausen<br \/>\nH\u00f6rschw\u00e4che<br \/>\nMigr\u00e4ne<br \/>\nKopfdruck<br \/>\nDruck im Ohr (z.B. nach Flugreisen)<br \/>\nWasserr\u00fcckst\u00e4nde im Ohr<br \/>\nStirn- und Nebenh\u00f6hlenprobleme<br \/>\nDurchblutungsst\u00f6rungen im Ohr<br \/>\nSchnupfen<\/td>\n<td valign=\"top\" align=\"left\">Verletzungen am Trommelfell<br \/>\nPlastikteile im Ohr (z.B. Paukenr\u00f6hrchen)<br \/>\nWachsallergie<br \/>\nEitrige und ohrentz\u00fcndete Prozesse im Ohr<\/td>\n<\/tr>\n<\/tbody>\n<\/table>\n<h6><strong>Wichtige Hinweise:<\/strong><\/h6>\n<p>Die Ohrkerzenanwendung stellt eine physikalische Anwendungsform dar.<br \/>\nOhrkerzen sind keine Arzneimittel und k\u00f6nnen somit \u00e4rztliche Behandlungen oder pharmazeutische Produkte nicht ersetzen! Gerade bei Kindern ist die Behandlung sehr zu empfehlen, sie sprechen gut darauf an.<\/p>\n","protected":false},"excerpt":{"rendered":"<p>Ohrkerzen &#8211; von alten Kulturen gelernt! Allgemeines: Ohrkerzen sind ein altes Naturheilmittel der Ureinwohner Nord- und Mittelamerikas, sowie der Naturv\u00f6lker im indonesischen und asiatischen Raum. In H\u00f6hlen verschiedener V\u00f6lker hat man Zeichnungen davon gefunden. In der Naturheilkunde hat die Ohrkerze einen hohen Stellenwert. Sie wird als Basis- und Begleittherapie verschiedener &hellip;<\/p>\n","protected":false},"author":1,"featured_media":0,"parent":44,"menu_order":0,"comment_status":"closed","ping_status":"closed","template":"","meta":{"ngg_post_thumbnail":0,"jetpack_post_was_ever_published":false,"footnotes":""},"class_list":["post-179","page","type-page","status-publish","hentry"],"jetpack_sharing_enabled":true,"jetpack_shortlink":"https:\/\/wp.me\/P9mn1c-2T","_links":{"self":[{"href":"https:\/\/physiopraxis-eichinger.de\/wordpress\/wp-json\/wp\/v2\/pages\/179","targetHints":{"allow":["GET"]}}],"collection":[{"href":"https:\/\/physiopraxis-eichinger.de\/wordpress\/wp-json\/wp\/v2\/pages"}],"about":[{"href":"https:\/\/physiopraxis-eichinger.de\/wordpress\/wp-json\/wp\/v2\/types\/page"}],"author":[{"embeddable":true,"href":"https:\/\/physiopraxis-eichinger.de\/wordpress\/wp-json\/wp\/v2\/users\/1"}],"replies":[{"embeddable":true,"href":"https:\/\/physiopraxis-eichinger.de\/wordpress\/wp-json\/wp\/v2\/comments?post=179"}],"version-history":[{"count":7,"href":"https:\/\/physiopraxis-eichinger.de\/wordpress\/wp-json\/wp\/v2\/pages\/179\/revisions"}],"predecessor-version":[{"id":343,"href":"https:\/\/physiopraxis-eichinger.de\/wordpress\/wp-json\/wp\/v2\/pages\/179\/revisions\/343"}],"up":[{"embeddable":true,"href":"https:\/\/physiopraxis-eichinger.de\/wordpress\/wp-json\/wp\/v2\/pages\/44"}],"wp:attachment":[{"href":"https:\/\/physiopraxis-eichinger.de\/wordpress\/wp-json\/wp\/v2\/media?parent=179"}],"curies":[{"name":"wp","href":"https:\/\/api.w.org\/{rel}","templated":true}]}}