{"id":177,"date":"2017-11-10T12:34:10","date_gmt":"2017-11-10T11:34:10","guid":{"rendered":"http:\/\/physiopraxis-eichinger.de\/wordpress\/?page_id=177"},"modified":"2017-11-14T16:11:11","modified_gmt":"2017-11-14T15:11:11","slug":"fussreflexzonentherapie","status":"publish","type":"page","link":"https:\/\/physiopraxis-eichinger.de\/wordpress\/alternative-physiotherapie\/fussreflexzonentherapie\/","title":{"rendered":"Fu\u00dfreflexzonentherapie"},"content":{"rendered":"<h5>Reflexzonenmassage<\/h5>\n<p>Bei der&nbsp;<strong>Fu\u00dfreflexzonenmassage&nbsp;<\/strong>handelt es sich um eine besondere Massage der F\u00fc\u00dfe um in anderen Bereichen des K\u00f6rpers \u00fcber die Reflexzonen eine Wirkung zu erzielen.<\/p>\n<p>Ebenso gibt es eine&nbsp;<strong>Handreflexzonenmassage&nbsp;<\/strong>wobei der Arbeit an den F\u00fc\u00dfen der Vorzug gegeben ist, da sich dabei bessere Erfolge erzielen lassen.<\/p>\n<p>Die Urspr\u00fcnge dieser Therapie lassen sich mindestens 5000 Jahre zur\u00fcckverfolgen. Damals haben die Chinesen eine Form der Druckpunkttherapie angewandt, die auf \u00e4hnlichen Grundlagen wie die Akupunktur basiert.<\/p>\n<p>Bei der Reflexzonentherapie werden stets alle Reflexzonen des K\u00f6rpers massiert wobei der Patient eine bequeme Lage auf dem R\u00fccken einnimmt.<\/p>\n<p>Bei bestimmten Erkrankungen sind gewisse Reflexzonen von gr\u00f6\u00dferer Bedeutung. Hier werden sowohl die SYMPTOMZONEN (wirken unmittelbar auf die Beschwerden) wie auch die KAUSALZONEN (wirken auf die Ursachenbereiche) behandelt.<\/p>\n<h6><strong>Anwendungsgebiete<\/strong><\/h6>\n<ul>\n<li><strong>Kopfregion:<\/strong>&nbsp;z.B. Kopfschmerzen, Migr\u00e4ne, Schlaganfall, Parkinson, Multiple Sklerose, Augen-Ohren-Nebenh\u00f6hlenbeschwerden<\/li>\n<li><strong>Muskel-Skelett-System:<\/strong>&nbsp;z.B. Wirbels\u00e4ulenbeschwerden, Beschwerden an den Gelenken ( Schulter, Ellbogen, Hand, H\u00fcfte, Knie, Fu\u00df) Muskleverspannungen, Ischiasschmerzen, Arthritis, Rheuma, Gicht<\/li>\n<li><strong>Endokrines System:<\/strong>&nbsp;z.B Erkrankungen der Schilddr\u00fcse, Bauchspeicheldr\u00fcse, Nebennieren, Diabetes, Sexualst\u00f6rungen wie Menstruationsbeschwerden, Unfruchtbarkeit (Frau), Prostataerkrankungen, Zeugungsunf\u00e4higkeit (Mann)<\/li>\n<li><strong>Atmungssystem:<\/strong>&nbsp;z.B. Asthma, Bronchitis, Lungenemphysem<\/li>\n<li><strong>Herz-Kreislauf-System:<\/strong>&nbsp;z.B. Angina Pectoris, Blutdruck- und Kreislaufst\u00f6rungen<\/li>\n<li><strong>Verdauungssystem:<\/strong>&nbsp;z.B. Sodbrennen, Magenbeschwerden, Bl\u00e4hungen, Verstopfung, H\u00e4morrhoiden, Leber-und Gallenblasenbeschwerden<\/li>\n<li><strong>Lymphatisches System:<\/strong>&nbsp;z.B. bei allen Erkrankungen mit Infektionen, Entz\u00fcndungen in Hals und Ohren, G\u00fcrtelrose<\/li>\n<li><strong>Harnwegssystem:<\/strong>&nbsp;z.B. Erkrankungen der Nieren und Blase<\/li>\n<li><strong>Haut:<\/strong>&nbsp;z.B. Akne, Dermatitis, Ekzeme, Schuppenflechte<\/li>\n<\/ul>\n<h6><strong>Reflexzonenmassage und andere Therapien<\/strong><\/h6>\n<p>Die Reflexzonenmassage ist eine \u00e4u\u00dferst vertr\u00e4gliche Therapie. Sie ersetzt jedoch keine \u00e4rztliche Behandlung sondern l\u00e4sst sich damit meistens sehr gut kombinieren.<\/p>\n","protected":false},"excerpt":{"rendered":"<p>Reflexzonenmassage Bei der&nbsp;Fu\u00dfreflexzonenmassage&nbsp;handelt es sich um eine besondere Massage der F\u00fc\u00dfe um in anderen Bereichen des K\u00f6rpers \u00fcber die Reflexzonen eine Wirkung zu erzielen. Ebenso gibt es eine&nbsp;Handreflexzonenmassage&nbsp;wobei der Arbeit an den F\u00fc\u00dfen der Vorzug gegeben ist, da sich dabei bessere Erfolge erzielen lassen. Die Urspr\u00fcnge dieser Therapie lassen sich &hellip;<\/p>\n","protected":false},"author":1,"featured_media":0,"parent":44,"menu_order":0,"comment_status":"closed","ping_status":"closed","template":"","meta":{"ngg_post_thumbnail":0,"jetpack_post_was_ever_published":false,"footnotes":""},"class_list":["post-177","page","type-page","status-publish","hentry"],"jetpack_sharing_enabled":true,"jetpack_shortlink":"https:\/\/wp.me\/P9mn1c-2R","_links":{"self":[{"href":"https:\/\/physiopraxis-eichinger.de\/wordpress\/wp-json\/wp\/v2\/pages\/177","targetHints":{"allow":["GET"]}}],"collection":[{"href":"https:\/\/physiopraxis-eichinger.de\/wordpress\/wp-json\/wp\/v2\/pages"}],"about":[{"href":"https:\/\/physiopraxis-eichinger.de\/wordpress\/wp-json\/wp\/v2\/types\/page"}],"author":[{"embeddable":true,"href":"https:\/\/physiopraxis-eichinger.de\/wordpress\/wp-json\/wp\/v2\/users\/1"}],"replies":[{"embeddable":true,"href":"https:\/\/physiopraxis-eichinger.de\/wordpress\/wp-json\/wp\/v2\/comments?post=177"}],"version-history":[{"count":4,"href":"https:\/\/physiopraxis-eichinger.de\/wordpress\/wp-json\/wp\/v2\/pages\/177\/revisions"}],"predecessor-version":[{"id":338,"href":"https:\/\/physiopraxis-eichinger.de\/wordpress\/wp-json\/wp\/v2\/pages\/177\/revisions\/338"}],"up":[{"embeddable":true,"href":"https:\/\/physiopraxis-eichinger.de\/wordpress\/wp-json\/wp\/v2\/pages\/44"}],"wp:attachment":[{"href":"https:\/\/physiopraxis-eichinger.de\/wordpress\/wp-json\/wp\/v2\/media?parent=177"}],"curies":[{"name":"wp","href":"https:\/\/api.w.org\/{rel}","templated":true}]}}