{"id":175,"date":"2017-11-10T12:33:11","date_gmt":"2017-11-10T11:33:11","guid":{"rendered":"http:\/\/physiopraxis-eichinger.de\/wordpress\/?page_id=175"},"modified":"2017-11-14T16:06:43","modified_gmt":"2017-11-14T15:06:43","slug":"kinesio-taping","status":"publish","type":"page","link":"https:\/\/physiopraxis-eichinger.de\/wordpress\/alternative-physiotherapie\/kinesio-taping\/","title":{"rendered":"Kinesio-Taping"},"content":{"rendered":"<h5>KINESIO-TAPE, die bunten heilenden Klebestreifen<\/h5>\n<h6><strong>Blickfang Kinesio-Tape<\/strong><\/h6>\n<p>Als sich David Beckham nach seinem letzten Spiel f\u00fcr Real Madrid des Trikots entledigte, bestaunten die Zuschauer nicht nur das schulterbreite Tattoo auf seinem R\u00fccken, sondern auch ein paar pinkfarbene Pflasterstreifen.<br \/>\nAlle Welt wollte wissen, was da klebt und warum. Fr\u00fcher wurde diese Art des Tapings nur im Leistungssport verwendet, heute finden wir die Verbreitung auch im weiten Bereichen der Physiotherapie.<\/p>\n<p>Anfang der siebziger Jahre wurde das Kinesio-Taping von dem Kinesiologen und Chiropraktiker Kenzo Kase in Japan entwickelt. Sein Ziel war es einerseits, die Heilungskr\u00e4fte des K\u00f6rpers zu aktivieren, andererseits wollte Kenzo Kase den Patienten \u201eseine H\u00e4nde mit nach Hause geben\u201d.<\/p>\n<h6><strong>Das Material<\/strong><\/h6>\n<p>Kinesiologie-Tape besteht aus Baumwolle und entspricht in seiner Elastizit\u00e4t der menschlichen Haut. Die Acrylbeschichtung wird durch die K\u00f6rperw\u00e4rme aktiviert. Das spezielle Pflaster ist hochelastisch, atmungsaktiv und hautfreundlich. Das Tape h\u00e4lt dadurch zwischen 3 Tagen und 3 Wochen auf der Haut und \u00fcbersteht sogar das Duschen, Baden, Schwimmen und Sauna.<\/p>\n<h6><strong>Die Anlagetechnik<\/strong><\/h6>\n<ul>\n<li>Muskelanlage: hierbei wird der Muskel in seiner Funktion unterst\u00fctzt oder entlastet.<\/li>\n<li>Bandanlage: Entlastung von B\u00e4ndern und Stabilisation der Gelenke<\/li>\n<li>Korrekturanlage: Bahnung von Bewegungen z.B Kniescheibenf\u00fchrung<\/li>\n<li>Lymphanlage: zur Entstauung und Verbesserung des Lymphabflusses.<\/li>\n<\/ul>\n<p>Durch die gew\u00e4hlte Zugrichtung werden Strukturen entweder gest\u00e4rkt oder entspannt und Schmerzen reduziert. Falsche Anlagetechniken k\u00f6nnen zu negativen Reaktionen f\u00fchren. Deshalb sollte der Verband von einem geschulten Fachmann angelegt werden.<\/p>\n<h6><strong>Die Wirkung<\/strong><\/h6>\n<p>K\u00f6rpereigenen Heilungsprozesse werden aktiviert.<br \/>\nDazu wird das gr\u00f6\u00dfte Organ des Menschen genutzt: die Haut.<br \/>\nWie eine zweite Haut dehnt sich das Tape bei Bewegungen und zieht sich wieder zusammen, ohne die Bewegungsfreiheit einzuschr\u00e4nken. Dabei wirkt es schmerzlindernd und stoffwechselanregend. Durch das elastische Tape wird die Haut bei jeder Bewegung ganz sanft geliftet und massiert, so werden Lymph- und Blutfluss angeregt. In der Haut werden eine Vielzahl von Rezeptoren und Sensoren stimuliert und beeinflusst.<br \/>\nEntscheidend ist, dass das Taping in ein medizinisches Gesamtkonzept eingebunden ist.<\/p>\n<h6><strong>Anwendungsbereiche:<\/strong><\/h6>\n<ul>\n<li>Bewegungseinschr\u00e4nkungen<\/li>\n<li>Schmerzen<\/li>\n<li>Sportverletzungen wie Prellung, Verstauchung, Zerrung<\/li>\n<li>Kopfschmerz, Schulter- Nackenverspannungen, HWS-Syndrom, Migr\u00e4ne<\/li>\n<li>Bandscheibenprobleme<\/li>\n<li>muskul\u00e4rer Hartspann, Verspannungen<\/li>\n<li>Ischialgien, Hexenschu\u00df, LWS-Syndrom, ISG-Probleme<\/li>\n<li>Lymph\u00f6deme<\/li>\n<li>Epicondylitis (Tennis- o Golfer-Ellbogen)<\/li>\n<li>Carpal-Tunnel-Syndrom<\/li>\n<li>L\u00e4hmungen<\/li>\n<li>Menstruationsbeschwerden<\/li>\n<li>Narbenentst\u00f6rung<\/li>\n<li>u.v.m.<\/li>\n<\/ul>\n","protected":false},"excerpt":{"rendered":"<p>KINESIO-TAPE, die bunten heilenden Klebestreifen Blickfang Kinesio-Tape Als sich David Beckham nach seinem letzten Spiel f\u00fcr Real Madrid des Trikots entledigte, bestaunten die Zuschauer nicht nur das schulterbreite Tattoo auf seinem R\u00fccken, sondern auch ein paar pinkfarbene Pflasterstreifen. Alle Welt wollte wissen, was da klebt und warum. Fr\u00fcher wurde diese &hellip;<\/p>\n","protected":false},"author":1,"featured_media":0,"parent":44,"menu_order":0,"comment_status":"closed","ping_status":"closed","template":"","meta":{"ngg_post_thumbnail":0,"jetpack_post_was_ever_published":false,"footnotes":""},"class_list":["post-175","page","type-page","status-publish","hentry"],"jetpack_sharing_enabled":true,"jetpack_shortlink":"https:\/\/wp.me\/P9mn1c-2P","_links":{"self":[{"href":"https:\/\/physiopraxis-eichinger.de\/wordpress\/wp-json\/wp\/v2\/pages\/175","targetHints":{"allow":["GET"]}}],"collection":[{"href":"https:\/\/physiopraxis-eichinger.de\/wordpress\/wp-json\/wp\/v2\/pages"}],"about":[{"href":"https:\/\/physiopraxis-eichinger.de\/wordpress\/wp-json\/wp\/v2\/types\/page"}],"author":[{"embeddable":true,"href":"https:\/\/physiopraxis-eichinger.de\/wordpress\/wp-json\/wp\/v2\/users\/1"}],"replies":[{"embeddable":true,"href":"https:\/\/physiopraxis-eichinger.de\/wordpress\/wp-json\/wp\/v2\/comments?post=175"}],"version-history":[{"count":3,"href":"https:\/\/physiopraxis-eichinger.de\/wordpress\/wp-json\/wp\/v2\/pages\/175\/revisions"}],"predecessor-version":[{"id":335,"href":"https:\/\/physiopraxis-eichinger.de\/wordpress\/wp-json\/wp\/v2\/pages\/175\/revisions\/335"}],"up":[{"embeddable":true,"href":"https:\/\/physiopraxis-eichinger.de\/wordpress\/wp-json\/wp\/v2\/pages\/44"}],"wp:attachment":[{"href":"https:\/\/physiopraxis-eichinger.de\/wordpress\/wp-json\/wp\/v2\/media?parent=175"}],"curies":[{"name":"wp","href":"https:\/\/api.w.org\/{rel}","templated":true}]}}