{"id":134,"date":"2017-11-09T20:16:42","date_gmt":"2017-11-09T19:16:42","guid":{"rendered":"http:\/\/physiopraxis-eichinger.de\/wordpress\/?page_id=134"},"modified":"2023-06-07T10:50:21","modified_gmt":"2023-06-07T08:50:21","slug":"willkommen","status":"publish","type":"page","link":"https:\/\/physiopraxis-eichinger.de\/wordpress\/willkommen\/","title":{"rendered":"Willkommen"},"content":{"rendered":"<h5 style=\"text-align: center;\">Praxis f\u00fcr ganzheitliche Physiotherapie, Energiemedizin &amp; Pers\u00f6nlichkeitsentwicklung<\/h5>\n<p style=\"text-align: center;\"><strong>HERZLICH WILLKOMMEN auf meiner Webseite!<\/strong><br \/>\nSie suchen eine Behandlungskombination aus einem klassisch-schulmedizinischen Fundament und alternativer Energiemedizin?<br \/>\n<strong>Dann sind Sie bei mir vollkommen richtig!<\/strong><br \/>\nDie Pers\u00f6nlichkeitsentwicklung vervollst\u00e4ndigt mein ganzheitliches Angebot.<\/p>\n<p style=\"text-align: center;\">Ich freue mich, Sie begr\u00fcssen zu d\u00fcrfen.<br \/>\nSandra Eichinger<\/p>\n","protected":false},"excerpt":{"rendered":"<p>Praxis f\u00fcr ganzheitliche Physiotherapie, Energiemedizin &amp; Pers\u00f6nlichkeitsentwicklung HERZLICH WILLKOMMEN auf meiner Webseite! Sie suchen eine Behandlungskombination aus einem klassisch-schulmedizinischen Fundament und alternativer Energiemedizin? Dann sind Sie bei mir vollkommen richtig! Die Pers\u00f6nlichkeitsentwicklung vervollst\u00e4ndigt mein ganzheitliches Angebot. Ich freue mich, Sie begr\u00fcssen zu d\u00fcrfen. Sandra Eichinger<\/p>\n","protected":false},"author":1,"featured_media":0,"parent":0,"menu_order":0,"comment_status":"closed","ping_status":"closed","template":"","meta":{"ngg_post_thumbnail":0,"jetpack_post_was_ever_published":false,"footnotes":""},"class_list":["post-134","page","type-page","status-publish","hentry"],"jetpack_sharing_enabled":true,"jetpack_shortlink":"https:\/\/wp.me\/P9mn1c-2a","_links":{"self":[{"href":"https:\/\/physiopraxis-eichinger.de\/wordpress\/wp-json\/wp\/v2\/pages\/134","targetHints":{"allow":["GET"]}}],"collection":[{"href":"https:\/\/physiopraxis-eichinger.de\/wordpress\/wp-json\/wp\/v2\/pages"}],"about":[{"href":"https:\/\/physiopraxis-eichinger.de\/wordpress\/wp-json\/wp\/v2\/types\/page"}],"author":[{"embeddable":true,"href":"https:\/\/physiopraxis-eichinger.de\/wordpress\/wp-json\/wp\/v2\/users\/1"}],"replies":[{"embeddable":true,"href":"https:\/\/physiopraxis-eichinger.de\/wordpress\/wp-json\/wp\/v2\/comments?post=134"}],"version-history":[{"count":11,"href":"https:\/\/physiopraxis-eichinger.de\/wordpress\/wp-json\/wp\/v2\/pages\/134\/revisions"}],"predecessor-version":[{"id":848,"href":"https:\/\/physiopraxis-eichinger.de\/wordpress\/wp-json\/wp\/v2\/pages\/134\/revisions\/848"}],"wp:attachment":[{"href":"https:\/\/physiopraxis-eichinger.de\/wordpress\/wp-json\/wp\/v2\/media?parent=134"}],"curies":[{"name":"wp","href":"https:\/\/api.w.org\/{rel}","templated":true}]}}