{"id":126,"date":"2017-11-09T20:13:14","date_gmt":"2017-11-09T19:13:14","guid":{"rendered":"http:\/\/physiopraxis-eichinger.de\/wordpress\/?page_id=126"},"modified":"2017-11-13T11:41:32","modified_gmt":"2017-11-13T10:41:32","slug":"betriebliche-praevention","status":"publish","type":"page","link":"https:\/\/physiopraxis-eichinger.de\/wordpress\/seminare\/betriebliche-praevention\/","title":{"rendered":"Betriebliche Pr\u00e4vention"},"content":{"rendered":"<h5 align=\"left\">K\u00d6RPERERGONOMIE am Arbeitsplatz<\/h5>\n<blockquote><p>Ein gesundes Unternehmen braucht gesunde Mitarbeiter!<\/p><\/blockquote>\n<p><strong>R\u00fcckenbeschwerden und Stress sind eine der h\u00e4ufigsten Gr\u00fcnde f\u00fcr krankheitsbedingte Fehlzeiten von Mitarbeitern.<\/strong><br \/>\n<i>Auch Ihrem Unternehmen entstehen dadurch j\u00e4hrliche Kosten!<\/i><\/p>\n<p>Die Ursache f\u00fcr R\u00fcckenschmerzen ist oftmals eine falsche Belastung am Arbeitsplatz. Als Physiotherapeutin erkenne ich diesen Zusammenhang deutlich bei allen Berufsgruppen- von der Produktion \u00fcber den Kraftfahrer bis zur B\u00fcrokraft und bei Dienstleistungen aller Art.<br \/>\nDurch gezielte Aufkl\u00e4rung und Pr\u00e4vention helfe ich Ihnen und Ihren Mitarbeitern, R\u00fcckenschmerzen sicher vorzubeugen.<br \/>\nZiel ist eine fr\u00fchzeitige Ver\u00e4nderung durch Beratung und Training mittels K\u00f6rperergonomie.<\/p>\n<h6><strong>Mein Angebot:<\/strong><\/h6>\n<p><em><b>Basistraining (<u>einmalig 3 Stunden<\/u>):<\/b><\/em><\/p>\n<ul>\n<li>Information zum Thema \u201eBelastung von Wirbels\u00e4ule und Muskulatur\u201d<\/li>\n<li>Coaching der richtigen K\u00f6rperhaltung und -bewegung am Arbeitsplatz<\/li>\n<li>Training wirksamer Ausgleichs\u00fcbungen (Dehnungen, Entspannung nach Jacobsen)<\/li>\n<\/ul>\n<p><em>Aufbauschulung:<\/em><\/p>\n<ul>\n<li>Intensivierung Basistraining<\/li>\n<li>\u00dcben der Eigen-Akupressur als erste Hilfe-Ma\u00dfnahme bei Schmerzen<\/li>\n<li>Arbeitsplatz\u00fcberpr\u00fcfung<\/li>\n<\/ul>\n<p><em>Ihr Nutzen:<\/em><\/p>\n<ul>\n<li>Vermeidung von l\u00e4ngeren orthop\u00e4dischen Ausfallzeiten<\/li>\n<li>Minimierung von R\u00fcckenproblemen und dauerhaften Sch\u00e4digungen<\/li>\n<li>Reduzierung krankheitsbedingter Personalkosten<\/li>\n<li>Sicherung interner Arbeitsabl\u00e4ufe und Steigerung der Teammotivation<\/li>\n<li>Steuerlich abzugsf\u00e4hig als Betriebsausgabe- Mitarbeiterschulung<\/li>\n<\/ul>\n<p><em>Organisation:<\/em><\/p>\n<ul>\n<li>Gruppentraining bis ca. 20 Personen in Ihren R\u00e4umlichkeiten vor Ort<\/li>\n<li>Einzel- und Teamcoaching am Arbeitsplatz<\/li>\n<\/ul>\n<p><strong>K\u00f6rperergonomie Eichinger: \u201eBei mir werden Sie geholfen\u201d<\/strong><br \/>\n(frei nach Verona Poth)<\/p>\n<p>Ich freue mich auf Ihre Anfrage und verbleibe mit freundlichen Gr\u00fc\u00dfen<\/p>\n<p>Sandra Eichinger<\/p>\n","protected":false},"excerpt":{"rendered":"<p>K\u00d6RPERERGONOMIE am Arbeitsplatz Ein gesundes Unternehmen braucht gesunde Mitarbeiter! R\u00fcckenbeschwerden und Stress sind eine der h\u00e4ufigsten Gr\u00fcnde f\u00fcr krankheitsbedingte Fehlzeiten von Mitarbeitern. Auch Ihrem Unternehmen entstehen dadurch j\u00e4hrliche Kosten! Die Ursache f\u00fcr R\u00fcckenschmerzen ist oftmals eine falsche Belastung am Arbeitsplatz. Als Physiotherapeutin erkenne ich diesen Zusammenhang deutlich bei allen Berufsgruppen- &hellip;<\/p>\n","protected":false},"author":1,"featured_media":0,"parent":56,"menu_order":0,"comment_status":"closed","ping_status":"closed","template":"","meta":{"ngg_post_thumbnail":0,"jetpack_post_was_ever_published":false,"footnotes":""},"class_list":["post-126","page","type-page","status-publish","hentry"],"jetpack_sharing_enabled":true,"jetpack_shortlink":"https:\/\/wp.me\/P9mn1c-22","_links":{"self":[{"href":"https:\/\/physiopraxis-eichinger.de\/wordpress\/wp-json\/wp\/v2\/pages\/126","targetHints":{"allow":["GET"]}}],"collection":[{"href":"https:\/\/physiopraxis-eichinger.de\/wordpress\/wp-json\/wp\/v2\/pages"}],"about":[{"href":"https:\/\/physiopraxis-eichinger.de\/wordpress\/wp-json\/wp\/v2\/types\/page"}],"author":[{"embeddable":true,"href":"https:\/\/physiopraxis-eichinger.de\/wordpress\/wp-json\/wp\/v2\/users\/1"}],"replies":[{"embeddable":true,"href":"https:\/\/physiopraxis-eichinger.de\/wordpress\/wp-json\/wp\/v2\/comments?post=126"}],"version-history":[{"count":7,"href":"https:\/\/physiopraxis-eichinger.de\/wordpress\/wp-json\/wp\/v2\/pages\/126\/revisions"}],"predecessor-version":[{"id":279,"href":"https:\/\/physiopraxis-eichinger.de\/wordpress\/wp-json\/wp\/v2\/pages\/126\/revisions\/279"}],"up":[{"embeddable":true,"href":"https:\/\/physiopraxis-eichinger.de\/wordpress\/wp-json\/wp\/v2\/pages\/56"}],"wp:attachment":[{"href":"https:\/\/physiopraxis-eichinger.de\/wordpress\/wp-json\/wp\/v2\/media?parent=126"}],"curies":[{"name":"wp","href":"https:\/\/api.w.org\/{rel}","templated":true}]}}