{"id":124,"date":"2017-11-09T20:12:22","date_gmt":"2017-11-09T19:12:22","guid":{"rendered":"http:\/\/physiopraxis-eichinger.de\/wordpress\/?page_id=124"},"modified":"2017-11-13T11:34:24","modified_gmt":"2017-11-13T10:34:24","slug":"workshops","status":"publish","type":"page","link":"https:\/\/physiopraxis-eichinger.de\/wordpress\/seminare\/workshops\/","title":{"rendered":"Workshops"},"content":{"rendered":"<h5>Workshops<\/h5>\n<p>Im Rahmen von Betrieben, Vereinen und Selbsthilfegruppen halte ich Vortr\u00e4ge und Workshops ab ca. 10 Teilnehmern.<br \/>\nHierzu komme ich vor Ort in dazu von Ihnen passend gew\u00e4hlte R\u00e4umlichkeiten.<\/p>\n<p>Die Teilnehmer erhalten ein Kursskript.<br \/>\nPreise nach Dauer und Aufwand<\/p>\n<h6><strong>M\u00f6gliche Themen in Theorie und Praxis:<\/strong><\/h6>\n<p><em>im Bereich Sport\/Training:<\/em><\/p>\n<ul>\n<li>Anatomisch- funktionelles Grundwissen \u00fcber Muskeln und Gelenke<\/li>\n<li>Sportverletzungen<\/li>\n<li>Richtiges Dehnen (Stretching)<\/li>\n<li>Korrekte Beinbelastung mit Lauftraining<\/li>\n<\/ul>\n<p><em>im Bereich Wellness und Entspannung:<\/em><\/p>\n<ul>\n<li>Partnerentspannung einfach und effektiv (einfache Massagegriffe)<\/li>\n<li>Meditationen<\/li>\n<li>Die 5 Tibeter<\/li>\n<li>Akupressur f\u00fcr den Hausgebrauch<\/li>\n<\/ul>\n<p><em>im Bereich R\u00fcckenschule:<\/em><\/p>\n<ul>\n<li>R\u00fcckengerechtes Sitzen am Arbeitsplatz<\/li>\n<li>R\u00fcckengerechtes Heben und Tragen<\/li>\n<li>oder speziell auf Ihren Bereich abgestimmtes Programm<\/li>\n<\/ul>\n","protected":false},"excerpt":{"rendered":"<p>Workshops Im Rahmen von Betrieben, Vereinen und Selbsthilfegruppen halte ich Vortr\u00e4ge und Workshops ab ca. 10 Teilnehmern. Hierzu komme ich vor Ort in dazu von Ihnen passend gew\u00e4hlte R\u00e4umlichkeiten. Die Teilnehmer erhalten ein Kursskript. Preise nach Dauer und Aufwand M\u00f6gliche Themen in Theorie und Praxis: im Bereich Sport\/Training: Anatomisch- funktionelles &hellip;<\/p>\n","protected":false},"author":1,"featured_media":0,"parent":56,"menu_order":0,"comment_status":"closed","ping_status":"closed","template":"","meta":{"ngg_post_thumbnail":0,"jetpack_post_was_ever_published":false,"footnotes":""},"class_list":["post-124","page","type-page","status-publish","hentry"],"jetpack_sharing_enabled":true,"jetpack_shortlink":"https:\/\/wp.me\/P9mn1c-20","_links":{"self":[{"href":"https:\/\/physiopraxis-eichinger.de\/wordpress\/wp-json\/wp\/v2\/pages\/124","targetHints":{"allow":["GET"]}}],"collection":[{"href":"https:\/\/physiopraxis-eichinger.de\/wordpress\/wp-json\/wp\/v2\/pages"}],"about":[{"href":"https:\/\/physiopraxis-eichinger.de\/wordpress\/wp-json\/wp\/v2\/types\/page"}],"author":[{"embeddable":true,"href":"https:\/\/physiopraxis-eichinger.de\/wordpress\/wp-json\/wp\/v2\/users\/1"}],"replies":[{"embeddable":true,"href":"https:\/\/physiopraxis-eichinger.de\/wordpress\/wp-json\/wp\/v2\/comments?post=124"}],"version-history":[{"count":4,"href":"https:\/\/physiopraxis-eichinger.de\/wordpress\/wp-json\/wp\/v2\/pages\/124\/revisions"}],"predecessor-version":[{"id":274,"href":"https:\/\/physiopraxis-eichinger.de\/wordpress\/wp-json\/wp\/v2\/pages\/124\/revisions\/274"}],"up":[{"embeddable":true,"href":"https:\/\/physiopraxis-eichinger.de\/wordpress\/wp-json\/wp\/v2\/pages\/56"}],"wp:attachment":[{"href":"https:\/\/physiopraxis-eichinger.de\/wordpress\/wp-json\/wp\/v2\/media?parent=124"}],"curies":[{"name":"wp","href":"https:\/\/api.w.org\/{rel}","templated":true}]}}