{"id":118,"date":"2017-11-09T19:58:10","date_gmt":"2017-11-09T18:58:10","guid":{"rendered":"http:\/\/physiopraxis-eichinger.de\/wordpress\/?page_id=118"},"modified":"2017-11-13T12:14:07","modified_gmt":"2017-11-13T11:14:07","slug":"reiki","status":"publish","type":"page","link":"https:\/\/physiopraxis-eichinger.de\/wordpress\/energiemedizin\/reiki\/","title":{"rendered":"Reiki"},"content":{"rendered":"<h5>Reiki<\/h5>\n<p><strong>REI<\/strong> = <em>universelle Lebensenergie<\/em><br \/>\n<strong>KI<\/strong> = <em>kosmisches Licht, welches alles Lebende durchflie\u00dft<\/em><\/p>\n<p><img loading=\"lazy\" decoding=\"async\" class=\"size-full wp-image-23 alignleft\" src=\"https:\/\/physiopraxis-eichinger.de\/wordpress\/wp-content\/uploads\/2017\/11\/treppe.gif\" alt=\"\" width=\"154\" height=\"230\"><img loading=\"lazy\" decoding=\"async\" class=\" wp-image-16 alignright\" src=\"https:\/\/physiopraxis-eichinger.de\/wordpress\/wp-content\/uploads\/2017\/11\/figur.jpg\" alt=\"\" width=\"139\" height=\"140\">Unser K\u00f6rper nimmt st\u00e4ndig Energien aus dem Universum auf ohne diese kein Leben m\u00f6glich w\u00e4re. Dieser Proze\u00df ist so nat\u00fcrlich wie die Atmung.<\/p>\n<p>Diese Energien werden in den Chakren aufgenommen und durch die Meridiane durch unseren K\u00f6rper geleitet &#8211; so k\u00f6nnen sie alle Bereiche gut versorgen!<\/p>\n<p>&nbsp;<\/p>\n<p>&nbsp;<\/p>\n<p><strong>Reiki bezeichnet auch eine (Selbst-)Behandlungsmethode um:<\/strong><\/p>\n<ul>\n<li>die Energieaufnahme zu optimieren<\/li>\n<li>die Selbstheilungskr\u00e4fte zu mobilisieren<\/li>\n<li>m\u00f6gliche Blockaden im Energiesystem zu beseitigen<\/li>\n<\/ul>\n<h4 style=\"text-align: left;\"><img loading=\"lazy\" decoding=\"async\" class=\" wp-image-17 alignleft\" src=\"https:\/\/physiopraxis-eichinger.de\/wordpress\/wp-content\/uploads\/2017\/11\/haende.jpg\" alt=\"\" width=\"164\" height=\"161\">Reiki hat eine positiv-reinigende Wirkung auf den K\u00f6rper,<br \/>\ndie Gef\u00fchle und die Gedanken!<\/h4>\n<p>&nbsp;<\/p>\n<p>&nbsp;<\/p>\n<p>Reiki wird durch einen eingeweihten Menschen weitergegeben.<\/p>\n<h6><strong>Die REIKI- Behandlung:<\/strong><\/h6>\n<p>Der Behandelnde ist in einen Zustand der Konzentration und l\u00e4sst die Energien durch sich und seine H\u00e4nde durch Handauflegen in den K\u00f6rper des Empf\u00e4ngers flie\u00dfen welcher sich im Liegen auf einer Behandlungsbank befindet.<br \/>\nJe nach Art des Reiki sind die Behandlungsdauer und die Handpositionen unterschiedlich. Der Empf\u00e4nger bekommt immer nur so viel Energie, wie sein K\u00f6rper zu dem Zeitpunkt gebrauchen kann. Die Energie wird bei dem Empf\u00e4nger meist als W\u00e4rme oder Kribbeln empfunden und bringt das Gef\u00fchl der totalen Entspannung.<\/p>\n<h4 align=\"center\">Reiki ist eine Form des vielf\u00e4ltigen chinesischen Qi Gong<\/h4>\n<p>Der japanische Buddhist Sensei Mikao Usui pr\u00e4gte zu Beginn des 20. Jahrhunderts diese Entspannungs- und Heilmethode . Dieses System entwickelte sich nach seinem Tod (1926) in viele verschiedene Richtungen weiter.<\/p>\n<h6><strong>Folgende Systeme sind heute unter anderem weit verbreitet:<\/strong><\/h6>\n<ul>\n<li>Usui Reiki-System 1-4 und die Lichtgrade 5-12 (Gro\u00dfmeister)<\/li>\n<li>Gold Reiki<\/li>\n<li>Violet Flame<\/li>\n<li>Dolphin Reiki<\/li>\n<li>Full Spectrum Healing<\/li>\n<li>Kristall-Reiki<\/li>\n<li>Solar-Light-Empowerment<\/li>\n<li>uvm.<\/li>\n<\/ul>\n<h6><strong>Jeder Mensch kann Reiki lernen!<\/strong><\/h6>\n<p>Am besten eignet sich f\u00fcr \u201eNeulinge\u201d daf\u00fcr eine praktische Anleitung in der man die Handpositionen erlernt, \u00fcbt Energien zu sp\u00fcren und die Einweihung vollzogen wird. M\u00f6glich ist auch ein Fernstudium der Unterlagen mit anschlie\u00dfender Fernweihe f\u00fcr energetisch ge\u00fcbte Personen. Eine Fernweihe ist genauso wirksam wie eine pers\u00f6nliche Weihe und wird oft von dem Einzuweihenden als noch intensiver empfunden.<\/p>\n","protected":false},"excerpt":{"rendered":"<p>Reiki REI = universelle Lebensenergie KI = kosmisches Licht, welches alles Lebende durchflie\u00dft Unser K\u00f6rper nimmt st\u00e4ndig Energien aus dem Universum auf ohne diese kein Leben m\u00f6glich w\u00e4re. Dieser Proze\u00df ist so nat\u00fcrlich wie die Atmung. Diese Energien werden in den Chakren aufgenommen und durch die Meridiane durch unseren K\u00f6rper &hellip;<\/p>\n","protected":false},"author":1,"featured_media":0,"parent":52,"menu_order":0,"comment_status":"closed","ping_status":"closed","template":"","meta":{"ngg_post_thumbnail":0,"jetpack_post_was_ever_published":false,"footnotes":""},"class_list":["post-118","page","type-page","status-publish","hentry"],"jetpack_sharing_enabled":true,"jetpack_shortlink":"https:\/\/wp.me\/P9mn1c-1U","_links":{"self":[{"href":"https:\/\/physiopraxis-eichinger.de\/wordpress\/wp-json\/wp\/v2\/pages\/118","targetHints":{"allow":["GET"]}}],"collection":[{"href":"https:\/\/physiopraxis-eichinger.de\/wordpress\/wp-json\/wp\/v2\/pages"}],"about":[{"href":"https:\/\/physiopraxis-eichinger.de\/wordpress\/wp-json\/wp\/v2\/types\/page"}],"author":[{"embeddable":true,"href":"https:\/\/physiopraxis-eichinger.de\/wordpress\/wp-json\/wp\/v2\/users\/1"}],"replies":[{"embeddable":true,"href":"https:\/\/physiopraxis-eichinger.de\/wordpress\/wp-json\/wp\/v2\/comments?post=118"}],"version-history":[{"count":18,"href":"https:\/\/physiopraxis-eichinger.de\/wordpress\/wp-json\/wp\/v2\/pages\/118\/revisions"}],"predecessor-version":[{"id":313,"href":"https:\/\/physiopraxis-eichinger.de\/wordpress\/wp-json\/wp\/v2\/pages\/118\/revisions\/313"}],"up":[{"embeddable":true,"href":"https:\/\/physiopraxis-eichinger.de\/wordpress\/wp-json\/wp\/v2\/pages\/52"}],"wp:attachment":[{"href":"https:\/\/physiopraxis-eichinger.de\/wordpress\/wp-json\/wp\/v2\/media?parent=118"}],"curies":[{"name":"wp","href":"https:\/\/api.w.org\/{rel}","templated":true}]}}