{"id":116,"date":"2017-11-09T19:57:43","date_gmt":"2017-11-09T18:57:43","guid":{"rendered":"http:\/\/physiopraxis-eichinger.de\/wordpress\/?page_id=116"},"modified":"2017-11-13T12:06:30","modified_gmt":"2017-11-13T11:06:30","slug":"geistig-mediales-heilen","status":"publish","type":"page","link":"https:\/\/physiopraxis-eichinger.de\/wordpress\/energiemedizin\/geistig-mediales-heilen\/","title":{"rendered":"Geistig-Mediales Heilen"},"content":{"rendered":"<h5>Geistig-Mediales Heilen<\/h5>\n<p>Der Begriff Medialit\u00e4t umschreibt die F\u00e4higkeiten der \u201ehellen Sinne\u201d, das hei\u00dft des Hellsehens, Hellf\u00fchlens, Hellh\u00f6rens, Hellriechens und Hellschmeckens.<br \/>\nEin medial begabter Mensch ist in der Lage, \u00fcber die physische Welt hinaus zu \u201esehen\u201d, Energien zu sp\u00fcren, Auren wahrzunehmen, mit geistigen Wesen zu kommunizieren und vieles mehr. Medialit\u00e4t kann man trainieren, denn in allen Menschen sind die entsprechenden F\u00e4higkeiten gleicherma\u00dfen angelegt. Durch das richtiges Training kann die eigene Medialit\u00e4t geschult werden, die leider oft versch\u00fcttet vorliegt, weil sie einfach nicht gef\u00f6rdert oder schlicht \u201eaberzogen\u201d wurde.<\/p>\n<h4 style=\"text-align: center;\">Geistig-Mediales Heilen behandelt Krankheiten, die auf mentalem, emotionalem und spirituellem Stress beruhen.<\/h4>\n<p>Hierzu arbeite ich abwechselnd mit folgenden Techniken:<\/p>\n<h6><strong>1. Energetische Reprogrammierung &#8211; L\u00f6sen von psychosomatischen Beschwerden<\/strong><\/h6>\n<p>Die E.R. (entwickelt und gelehrt von Jean Michel DEMELT\/ Elsass) beruht auf dem Grundsatz, da\u00df jedes Lebewesen von einem Energiekreislauf durchzogen ist, der das \u201eLeben\u201d zu jedem Organ, Nerv, Muskel, Knochen und zu jeder Zelle unseres K\u00f6rpers bringt.<\/p>\n<p>In der E.R. wird der Mensch ganzheitlich auf 4 Ebenen betrachtet:<\/p>\n<p><strong>Physische (k\u00f6rperliche) Ebene:<\/strong><br \/>\nAufdecken und L\u00f6sen von muskul\u00e4ren und organischen Schmerz- und Spannungszust\u00e4nden durch manuelle Techniken<br \/>\n<strong>Emotionale (gef\u00fchlsm\u00e4\u00dfige) Ebene:<\/strong><br \/>\nEmotionen ( Furcht , Angst, Zorn, &#8230;) haben einen bedeutenden Anteil am Ursprung der k\u00f6rperlichen Probleme und m\u00fcssen somit erkannt und losgelassen werden.<\/p>\n<p><strong>Feinstoffliche (energetsiche) Ebene:<\/strong><br \/>\nKontrolle und Korrektur des Energiefeldes und der Aura<\/p>\n<p><strong>Mentale (gedankliche) Ebene:<\/strong><br \/>\nNegative Denkweisen erkennen und sie durch positive Gedankenformen ersetzen um ein neues Lebensprogramm erarbeiten zu k\u00f6nnen.<\/p>\n<p><em>M\u00f6gliche Ursachen f\u00fcr Traumen sind:<\/em><\/p>\n<ul>\n<li>Physische Traumen: Verletzungen durch Unfallfolge wie Prellungen, Zerrungen usw.<\/li>\n<li>Toxische Traumen: Gifte durch Nahrungsmittel, Alkohol, Rauchen, Arzneimittel, Umweltverschmutzung, uvm.<\/li>\n<li>Emotionale Traumen: Stre\u00df und emotionale Schocks (z.B. Trennung, Todesfall, &#8230;), die w\u00e4hrend unserem gesamten Lebensweg angesammelt wurden<\/li>\n<li>Feinstoffliche Traumen: elektromagnetisches Umfeld<\/li>\n<li>Mentale Traumen: negative Denkschemen die wir erlitten oder selbst produziert haben welche unser Selbstwertgef\u00fchl reduzieren<\/li>\n<\/ul>\n<p><strong>Das Ziel der E.R. ist es, den Patienten die tiefliegenden Ursachen ihres Unwohlseins aufzudecken und bei ihrer Behebung zu helfen. Diese Ebenen werden nacheinander durch sanftes Abtasten mit den H\u00e4nden auf Blockaden in Form von energetischen Knoten durchsucht, befreit und danach neu energetisiert und positiv reprogrammiert.<\/strong><\/p>\n<h6><strong>2. Chinesische Quantum Methode &#8211; Mentale Korrektur energetischer Schw\u00e4che<\/strong><\/h6>\n<p>Die CQM kombiniert die Grundlagen der menschlichen Energiekonzepte von jahrtausend alten chinesisch- orientalischen Wissen mit den neusten Erkenntnissen der Quantenphysik. Die genauen Ursachen eines unerw\u00fcnschten Zustands ,werden auf den physischer, mentaler, emotionaler, psychischer, spiritueller, astrologischer und karmischer Ebene aufgesp\u00fcrt, mental korrigiert und somit in St\u00e4rken transformiert.<\/p>\n<p><em>Die CQM ist eine der modernsten Coaching- und Ver\u00e4nderungskonzepte. Sie ist in allen Lebensbereichen einsetzbar wie z.B.:<\/em><\/p>\n<ul>\n<li>Beziehung zur Umwelt<\/li>\n<li>Beziehung zu sich selbst<\/li>\n<li>Beziehung zu anderen Menschen &#8211; auf famili\u00e4rer, freundschaftlicher, partnerschaftlicher oder sexueller Ebene<\/li>\n<li>Beziehung im gesch\u00e4ftlichen Bereich<\/li>\n<li>Geld- und Finanzprobleme<\/li>\n<li>Geistige Leistungsf\u00e4higkeit ( Konzentration)<\/li>\n<li>Gesundheit auf allen Ebenen von Allergien, Verspannungen, Kopfschmerzen, Erk\u00e4ltungen, Verdauungsprobleme, Organe, Dr\u00fcsen, Stoffwechsel bis zur maximalen Flexibilit\u00e4t der Gelenk<\/li>\n<\/ul>\n<h6><strong>3. Channeling &#8211; Empfangen und Verarbeiten von Informationen aus der geistigen Welt<\/strong><\/h6>\n<p>\u201eReligio\u201d bedeutet u.a. R\u00fcck-Verbindung zum Ursprung, zu Gott aber auch zur Mutter Erde.<br \/>\n\u201eChanneling\u201d nimmt dies w\u00f6rtlich und stellt die Kontaktaufnahme als Kanal zur geistigen Welt (geistige F\u00fchrer, h\u00f6heres Selbst, Engel, &#8230; ) dar. Die \u00d6ffnung f\u00fcr ihre Botschaften kann auf verschiedenen Ebenen geschehen. Manche Menschen sprechen von Eingebungen, Intuition, Hellf\u00fchligkeit, Hellsehen, Hellh\u00f6ren usw. Durch diese Informationen kann man h\u00e4ufig unerkl\u00e4rliche Dinge im Leben einordnen, verstehen und verarbeiten.<\/p>\n<h6><strong>4. Aurareinigung (clearing) &#8211; Beseitigung von Fremdenergien und Besetzungen<\/strong><\/h6>\n<p>Manche Menschen klagen \u00fcber Pers\u00f6nlichkeitsspaltung, h\u00f6ren Stimmen oder haben das Gef\u00fchl nicht allein mit sich zu sein. Andere f\u00fchlen sich depressiv, von undefinierbaren Kr\u00e4ften getrieben, ausgelaugt oder verfolgt und k\u00f6nnen diese Kr\u00e4fte allein nicht absch\u00fctteln. Hierbei kann es sich um Fl\u00fcche, Verw\u00fcnschungen, Versprechen, Festlegungen, angeheftete Seelen oder \u00e4hnliches handeln. Solche Bindungen k\u00f6nnen \u00fcber mehrere Inkarnationen in unserem Energiefeld gefangen sein und durch eine Aurareinigung gel\u00f6st werden.<\/p>\n<h6><strong>5. R\u00fcckf\u00fchrungen und Innenreisen &#8211; L\u00f6sen von Inkarnationslasten ohne hypnotischen Zustand<\/strong><\/h6>\n<p>F\u00fcr viele Menschen ist es schwer vorstellbar mehrere Leben zu durchleben &#8211; das hei\u00dft \u00f6fter in verschiedenen K\u00f6rpern zu inkarnieren.<br \/>\nEs gibt jedoch Krankheitsursachen welche auf vergangene Leben basieren. Diese k\u00f6nnen uns durch die geistige Welt zum einen \u00fcber Channeling oder so genannte \u201eInnenreisen\u201d \u00fcbermittelt werden. Hierbei k\u00f6nnen Therapeuten oder auch Patienten \u00fcber Bilder, Symbole, Gedanken oder Gef\u00fchle eine Art \u201eLehrfilm\u201d als Hilfe zur Probleml\u00f6sung erhalten. Hypnosen oder andere bewu\u00dftseinseinschr\u00e4nkende Methoden sind f\u00fcr diese Behandlung weder erforderlich noch erw\u00fcnscht.<\/p>\n<h6><strong>6. Energie\u00fcbertragung von verschiedenen Kr\u00e4ften und Strahlen<\/strong><\/h6>\n<p>Heilen durch Handauflegen bedeutet dass Heiler als \u201eKanal\u201d universelle Energien auf Patienten \u00fcbertragen, welche zur Harmonisierung und Heilung dienen. Dabei handelt es sich um unterschiedliche Kr\u00e4fte, Strahlen und Frequenzen die je nach Heilungsart zur Verf\u00fcgung stehen und wechseln k\u00f6nnen. Bei einigen Behandlungsarten wird die K\u00f6rpervorderseite ber\u00fchrt, bei anderen der R\u00fccken. Au\u00dferdem ist es m\u00f6glich Energie\u00fcbertragung in Form von Fernbehandlungen durchzuf\u00fchren, egal ob die Distanz \u00fcber Meter oder mehrere tausend Kilometer geht. Energie\u00fcbertragungen k\u00f6nnen als W\u00e4rme, K\u00e4lte, Kribbeln oder Pulsieren wahrgenommen werden. Sie k\u00f6nnen weiterhin Krankheitsursachen und Symptome beeinflussen und somit die Heilung f\u00f6rdern. Diese Energien dienen immer dem Wohl des Organismus indem sie Themen energetisch freilegen und aufl\u00f6sen.<\/p>\n","protected":false},"excerpt":{"rendered":"<p>Geistig-Mediales Heilen Der Begriff Medialit\u00e4t umschreibt die F\u00e4higkeiten der \u201ehellen Sinne\u201d, das hei\u00dft des Hellsehens, Hellf\u00fchlens, Hellh\u00f6rens, Hellriechens und Hellschmeckens. Ein medial begabter Mensch ist in der Lage, \u00fcber die physische Welt hinaus zu \u201esehen\u201d, Energien zu sp\u00fcren, Auren wahrzunehmen, mit geistigen Wesen zu kommunizieren und vieles mehr. Medialit\u00e4t kann &hellip;<\/p>\n","protected":false},"author":1,"featured_media":0,"parent":52,"menu_order":0,"comment_status":"closed","ping_status":"closed","template":"","meta":{"ngg_post_thumbnail":0,"jetpack_post_was_ever_published":false,"footnotes":""},"class_list":["post-116","page","type-page","status-publish","hentry"],"jetpack_sharing_enabled":true,"jetpack_shortlink":"https:\/\/wp.me\/P9mn1c-1S","_links":{"self":[{"href":"https:\/\/physiopraxis-eichinger.de\/wordpress\/wp-json\/wp\/v2\/pages\/116","targetHints":{"allow":["GET"]}}],"collection":[{"href":"https:\/\/physiopraxis-eichinger.de\/wordpress\/wp-json\/wp\/v2\/pages"}],"about":[{"href":"https:\/\/physiopraxis-eichinger.de\/wordpress\/wp-json\/wp\/v2\/types\/page"}],"author":[{"embeddable":true,"href":"https:\/\/physiopraxis-eichinger.de\/wordpress\/wp-json\/wp\/v2\/users\/1"}],"replies":[{"embeddable":true,"href":"https:\/\/physiopraxis-eichinger.de\/wordpress\/wp-json\/wp\/v2\/comments?post=116"}],"version-history":[{"count":22,"href":"https:\/\/physiopraxis-eichinger.de\/wordpress\/wp-json\/wp\/v2\/pages\/116\/revisions"}],"predecessor-version":[{"id":302,"href":"https:\/\/physiopraxis-eichinger.de\/wordpress\/wp-json\/wp\/v2\/pages\/116\/revisions\/302"}],"up":[{"embeddable":true,"href":"https:\/\/physiopraxis-eichinger.de\/wordpress\/wp-json\/wp\/v2\/pages\/52"}],"wp:attachment":[{"href":"https:\/\/physiopraxis-eichinger.de\/wordpress\/wp-json\/wp\/v2\/media?parent=116"}],"curies":[{"name":"wp","href":"https:\/\/api.w.org\/{rel}","templated":true}]}}